{"id":116,"date":"2016-01-11T22:06:47","date_gmt":"2016-01-11T22:06:47","guid":{"rendered":"http:\/\/www.hormiga-design.com\/postecon\/?page_id=116"},"modified":"2024-12-19T23:17:38","modified_gmt":"2024-12-19T23:17:38","slug":"calidad","status":"publish","type":"page","link":"https:\/\/www.dermigon.ec\/?page_id=116","title":{"rendered":"Calidad"},"content":{"rendered":"<p>[vc_row][vc_column width=\u00bb1\/2&#8243;][vc_empty_space height=\u00bb12px\u00bb][vc_single_image image=\u00bb309&#8243; img_size=\u00bbfull\u00bb alignment=\u00bbcenter\u00bb][\/vc_column][vc_column width=\u00bb1\/2&#8243;][vc_empty_space height=\u00bb42px\u00bb][vc_column_text]<span style=\"color: #000000;\"><strong>POLITICA DE CALIDAD<\/strong><\/span><\/p>\n<p style=\"text-align: justify;\">DERMIG\u00d3N S.A, es una empresa enfocada en alcanzar y mantener un buen posicionamiento en el mercado, est\u00e1 comprometida con el cumplimiento de los est\u00e1ndares de calidad y la excelencia en su producto, para DERMIG\u00d3N S.A es de vital importancia que el trabajo est\u00e1 basado en el mejoramiento continuo de los procesos pues es de esta manera que se comercializan productos de alta calidad.<\/p>\n<p><strong>\u00a0<\/strong>[\/vc_column_text][\/vc_column][\/vc_row]<\/p>\n","protected":false},"excerpt":{"rendered":"<p>[vc_row][vc_column width=\u00bb1\/2&#8243;][vc_empty_space height=\u00bb12px\u00bb][vc_single_image image=\u00bb309&#8243; img_size=\u00bbfull\u00bb alignment=\u00bbcenter\u00bb][\/vc_column][vc_column width=\u00bb1\/2&#8243;][vc_empty_space height=\u00bb42px\u00bb][vc_column_text]POLITICA DE CALIDAD DERMIG\u00d3N S.A, es una empresa enfocada en alcanzar y mantener un buen posicionamiento en el mercado,<span class=\"excerpt-hellip\"> [\u2026]<\/span><\/p>\n","protected":false},"author":1,"featured_media":0,"parent":0,"menu_order":0,"comment_status":"open","ping_status":"open","template":"","meta":{"footnotes":""},"class_list":["post-116","page","type-page","status-publish","hentry"],"_links":{"self":[{"href":"https:\/\/www.dermigon.ec\/index.php?rest_route=\/wp\/v2\/pages\/116"}],"collection":[{"href":"https:\/\/www.dermigon.ec\/index.php?rest_route=\/wp\/v2\/pages"}],"about":[{"href":"https:\/\/www.dermigon.ec\/index.php?rest_route=\/wp\/v2\/types\/page"}],"author":[{"embeddable":true,"href":"https:\/\/www.dermigon.ec\/index.php?rest_route=\/wp\/v2\/users\/1"}],"replies":[{"embeddable":true,"href":"https:\/\/www.dermigon.ec\/index.php?rest_route=%2Fwp%2Fv2%2Fcomments&post=116"}],"version-history":[{"count":8,"href":"https:\/\/www.dermigon.ec\/index.php?rest_route=\/wp\/v2\/pages\/116\/revisions"}],"predecessor-version":[{"id":310,"href":"https:\/\/www.dermigon.ec\/index.php?rest_route=\/wp\/v2\/pages\/116\/revisions\/310"}],"wp:attachment":[{"href":"https:\/\/www.dermigon.ec\/index.php?rest_route=%2Fwp%2Fv2%2Fmedia&parent=116"}],"curies":[{"name":"wp","href":"https:\/\/api.w.org\/{rel}","templated":true}]}}