{"id":289,"date":"2023-04-20T19:49:42","date_gmt":"2023-04-20T19:49:42","guid":{"rendered":"https:\/\/www.dermigon.ec\/?page_id=289"},"modified":"2023-04-20T19:56:21","modified_gmt":"2023-04-20T19:56:21","slug":"politica-de-cookies","status":"publish","type":"page","link":"https:\/\/www.dermigon.ec\/?page_id=289","title":{"rendered":"Pol\u00edtica de cookies"},"content":{"rendered":"<p><\/p>\n<h2>Introducci\u00f3n<\/h2>\n<p>En DERMIGON DERIVADOS DE HORMIGON S.A. utilizamos cookies y tecnolog\u00edas similares en nuestro sitio web para mejorar su experiencia de navegaci\u00f3n y ofrecerle servicios personalizados. Esta pol\u00edtica de cookies le proporciona informaci\u00f3n sobre el uso que hacemos de estas tecnolog\u00edas y c\u00f3mo puede controlarlas.<\/p>\n<h2>\u00bfQu\u00e9 son las cookies?<\/h2>\n<p>Las cookies son peque\u00f1os archivos de texto que se almacenan en su dispositivo cuando visita nuestro sitio web. Se utilizan para recordar sus preferencias de navegaci\u00f3n y mejorar su experiencia en l\u00ednea.<\/p>\n<h2>Tipos de cookies que utilizamos<\/h2>\n<p>Utilizamos dos tipos de cookies en nuestro sitio web:<\/p>\n<ol>\n<li>Cookies de sesi\u00f3n: Estas cookies se utilizan para mantener su sesi\u00f3n abierta mientras navega por nuestro sitio web y se eliminan autom\u00e1ticamente al cerrar su navegador.<\/li>\n<li>Cookies persistentes: Estas cookies se almacenan en su dispositivo durante un per\u00edodo de tiempo espec\u00edfico y se utilizan para recordar sus preferencias cuando vuelva a visitar nuestro sitio web.<\/li>\n<li>Cookies de terceros: https:\/\/www.dermigon.ec utiliza servicios de terceros, como Youtube, para recopilar informaci\u00f3n sobre c\u00f3mo mejorar la experiencia del usuario. Estos servicios pueden utilizar cookies para recopilar esta informaci\u00f3n.<\/li>\n<\/ol>\n<h2>Cookies que utiliza nuestro sitio web<\/h2>\n<p>El sitio web https:\/\/www.dermigon.ec utiliza las siguientes cookies:<\/p>\n<table>\n<tbody>\n<tr>\n<td width=\"141\">Cookies<\/td>\n<td width=\"123\">Dominio<\/td>\n<td width=\"147\">Descripci\u00f3n<\/td>\n<td width=\"73\">Duraci\u00f3n<\/td>\n<td width=\"82\">Tipo<\/td>\n<\/tr>\n<tr>\n<td width=\"141\">yt-player-headers-readable<\/td>\n<td width=\"123\">youtube.com<\/td>\n<td width=\"147\">Se utiliza para determinar la calidad de video \u00f3ptima seg\u00fan el dispositivo del visitante y la configuraci\u00f3n de la red.<\/td>\n<td width=\"73\">Persistente<\/td>\n<td width=\"82\">Estad\u00edstica<\/td>\n<\/tr>\n<tr>\n<td width=\"141\">LAST_RESULT_ENTRY_KEY<\/td>\n<td width=\"123\">youtube.com<\/td>\n<td width=\"147\">Guarda la configuraci\u00f3n del usuario al recuperar un v\u00eddeo de Youtube integrado en otras p\u00e1ginas web..<\/td>\n<td width=\"73\">Sesi\u00f3n<\/td>\n<td width=\"82\">Marketing<\/td>\n<\/tr>\n<tr>\n<td width=\"141\">YSC<\/td>\n<td width=\"123\">.youtube.com<\/td>\n<td width=\"147\">Youtube configura la cookie YSC y se utiliza para rastrear las vistas de videos incrustados en las p\u00e1ginas de Youtube.<\/td>\n<td width=\"73\">Sesi\u00f3n<\/td>\n<td width=\"82\">Anuncio<\/td>\n<\/tr>\n<tr>\n<td width=\"141\">VISITOR_INFO1_LIVE<\/td>\n<td width=\"123\">.youtube.com<\/td>\n<td width=\"147\">Una cookie configurada por YouTube para medir el ancho de banda que determina si el usuario obtiene la interfaz de reproductor nueva o antigua.<\/td>\n<td width=\"73\">6 meses<\/td>\n<td width=\"82\">Anuncio<\/td>\n<\/tr>\n<tr>\n<td width=\"141\">remote_sid<\/td>\n<td width=\"123\">Youtube.com<\/td>\n<td width=\"147\">Necesario para la implementaci\u00f3n y funcionalidad del contenido de video de YouTube en el sitio web.<\/td>\n<td width=\"73\">Sesion<\/td>\n<td width=\"82\">Marketing<\/td>\n<\/tr>\n<tr>\n<td width=\"141\">yt-remote-cast-available<\/td>\n<td width=\"123\">Youtube.com<\/td>\n<td width=\"147\">Almacena las preferencias del reproductor de video del usuario usando un video de YouTube incrustado<\/td>\n<td width=\"73\">Sesi\u00f3n<\/td>\n<td width=\"82\">Marketing<\/td>\n<\/tr>\n<tr>\n<td width=\"141\">CONSENT<\/td>\n<td width=\"123\">.youtube.com<\/td>\n<td width=\"147\">YouTube establece esta cookie a trav\u00e9s de videos de YouTube incrustados y registra datos estad\u00edsticos an\u00f3nimos.<\/td>\n<td width=\"73\">2 a\u00f1os<\/td>\n<td width=\"82\">Anal\u00edtica<\/td>\n<\/tr>\n<\/tbody>\n<\/table>\n<p>&nbsp;<\/p>\n<h2>\u00bfC\u00f3mo puede controlar las cookies?<\/h2>\n<p>Puede controlar el uso de cookies en nuestro sitio web a trav\u00e9s de la configuraci\u00f3n de su navegador. La mayor\u00eda de los navegadores le permiten controlar las cookies a trav\u00e9s de sus preferencias de privacidad. Tenga en cuenta que, si desactiva las cookies t\u00e9cnicas, es posible que no pueda utilizar todas las funciones de nuestro sitio web.<\/p>\n<p>Tambi\u00e9n utilizamos herramientas de an\u00e1lisis de terceros, como Google Analytics, para recopilar informaci\u00f3n sobre c\u00f3mo utiliza nuestro sitio web. Estas herramientas utilizan cookies y tecnolog\u00edas similares para recopilar informaci\u00f3n sobre su uso del sitio web. Puede controlar el uso de estas cookies a trav\u00e9s de la configuraci\u00f3n de su navegador o utilizando los controles de privacidad proporcionados por el proveedor de la herramienta de an\u00e1lisis.<\/p>\n<h2>Conclusi\u00f3n<\/h2>\n<p>Esperamos que esta pol\u00edtica de cookies le haya proporcionado informaci\u00f3n clara y \u00fatil sobre c\u00f3mo utilizamos las cookies en nuestro sitio web. Si tiene alguna pregunta o inquietud sobre el uso de cookies en DERMIGON DERIVADOS DE HORMIGON S.A., no dude en ponerse en contacto con nosotros.<\/p>\n","protected":false},"excerpt":{"rendered":"<p>Introducci\u00f3n En DERMIGON DERIVADOS DE HORMIGON S.A. utilizamos cookies y tecnolog\u00edas similares en nuestro sitio web para mejorar su experiencia de navegaci\u00f3n y ofrecerle servicios personalizados.<span class=\"excerpt-hellip\"> [\u2026]<\/span><\/p>\n","protected":false},"author":1,"featured_media":0,"parent":0,"menu_order":0,"comment_status":"closed","ping_status":"closed","template":"","meta":{"footnotes":""},"class_list":["post-289","page","type-page","status-publish","hentry"],"_links":{"self":[{"href":"https:\/\/www.dermigon.ec\/index.php?rest_route=\/wp\/v2\/pages\/289"}],"collection":[{"href":"https:\/\/www.dermigon.ec\/index.php?rest_route=\/wp\/v2\/pages"}],"about":[{"href":"https:\/\/www.dermigon.ec\/index.php?rest_route=\/wp\/v2\/types\/page"}],"author":[{"embeddable":true,"href":"https:\/\/www.dermigon.ec\/index.php?rest_route=\/wp\/v2\/users\/1"}],"replies":[{"embeddable":true,"href":"https:\/\/www.dermigon.ec\/index.php?rest_route=%2Fwp%2Fv2%2Fcomments&post=289"}],"version-history":[{"count":3,"href":"https:\/\/www.dermigon.ec\/index.php?rest_route=\/wp\/v2\/pages\/289\/revisions"}],"predecessor-version":[{"id":292,"href":"https:\/\/www.dermigon.ec\/index.php?rest_route=\/wp\/v2\/pages\/289\/revisions\/292"}],"wp:attachment":[{"href":"https:\/\/www.dermigon.ec\/index.php?rest_route=%2Fwp%2Fv2%2Fmedia&parent=289"}],"curies":[{"name":"wp","href":"https:\/\/api.w.org\/{rel}","templated":true}]}}