{"id":39,"date":"2015-06-25T18:51:52","date_gmt":"2015-06-25T18:51:52","guid":{"rendered":"http:\/\/themes.muffingroup.com\/be\/agro\/?page_id=39"},"modified":"2021-05-17T23:24:32","modified_gmt":"2021-05-17T23:24:32","slug":"technology","status":"publish","type":"page","link":"https:\/\/www.dermigon.ec\/?page_id=39","title":{"rendered":"Productos"},"content":{"rendered":"\t\t<div data-elementor-type=\"wp-page\" data-elementor-id=\"39\" class=\"elementor elementor-39\">\n\t\t\t\t\t\t\t\t\t<section class=\"elementor-section elementor-top-section elementor-element elementor-element-4ab46f9b elementor-section-boxed elementor-section-height-default elementor-section-height-default\" data-id=\"4ab46f9b\" data-element_type=\"section\">\n\t\t\t\t\t\t<div class=\"elementor-container elementor-column-gap-default\">\n\t\t\t\t\t<div class=\"elementor-column elementor-col-100 elementor-top-column elementor-element elementor-element-6b2b013e\" data-id=\"6b2b013e\" data-element_type=\"column\">\n\t\t\t<div class=\"elementor-widget-wrap elementor-element-populated\">\n\t\t\t\t\t\t\t\t<div class=\"elementor-element elementor-element-61a79151 elementor-widget elementor-widget-text-editor\" data-id=\"61a79151\" data-element_type=\"widget\" data-widget_type=\"text-editor.default\">\n\t\t\t\t<div class=\"elementor-widget-container\">\n\t\t\t\t\t\t\t<p>[vc_row][vc_column width=\u00bb1\/2&#8243;][vc_empty_space height=\u00bb22px\u00bb][vc_gallery interval=\u00bb3&#8243; images=\u00bb181,148,183,146,138,136,182&#8243; img_size=\u00bbfull\u00bb onclick=\u00bb\u00bb][\/vc_column][vc_column width=\u00bb1\/2&#8243;][vc_empty_space height=\u00bb22px\u00bb][vc_column_text]<\/p><ul><li>Postes de Hormig\u00f3n para alumbrado p\u00fablico y privado<\/li><li>Postes telef\u00f3nicos<\/li><li>Adoquines<\/li><li>Bloques<\/li><li>Caja de hormig\u00f3n armado para instalaciones telef\u00f3nicas y el\u00e9ctrica subterr\u00e1neas<\/li><li>Losetas<\/li><li>Anclas<\/li><li>Crucetas<\/li><li>Abrazaderas<\/li><li>Pie de amigos<\/li><\/ul><p>[\/vc_column_text][\/vc_column][\/vc_row]<\/p>\t\t\t\t\t\t<\/div>\n\t\t\t\t<\/div>\n\t\t\t\t\t<\/div>\n\t\t<\/div>\n\t\t\t\t\t\t\t<\/div>\n\t\t<\/section>\n\t\t\t\t\t\t\t<\/div>\n\t\t","protected":false},"excerpt":{"rendered":"<p>[vc_row][vc_column width=\u00bb1\/2&#8243;][vc_empty_space height=\u00bb22px\u00bb][vc_gallery interval=\u00bb3&#8243; images=\u00bb181,148,183,146,138,136,182&#8243; img_size=\u00bbfull\u00bb onclick=\u00bb\u00bb][\/vc_column][vc_column width=\u00bb1\/2&#8243;][vc_empty_space height=\u00bb22px\u00bb][vc_column_text] Postes de Hormig\u00f3n para alumbrado p\u00fablico y privado Postes telef\u00f3nicos Adoquines Bloques Caja de hormig\u00f3n armado para<span class=\"excerpt-hellip\"> [\u2026]<\/span><\/p>\n","protected":false},"author":1,"featured_media":0,"parent":0,"menu_order":0,"comment_status":"open","ping_status":"open","template":"","meta":{"footnotes":""},"class_list":["post-39","page","type-page","status-publish","hentry"],"_links":{"self":[{"href":"https:\/\/www.dermigon.ec\/index.php?rest_route=\/wp\/v2\/pages\/39"}],"collection":[{"href":"https:\/\/www.dermigon.ec\/index.php?rest_route=\/wp\/v2\/pages"}],"about":[{"href":"https:\/\/www.dermigon.ec\/index.php?rest_route=\/wp\/v2\/types\/page"}],"author":[{"embeddable":true,"href":"https:\/\/www.dermigon.ec\/index.php?rest_route=\/wp\/v2\/users\/1"}],"replies":[{"embeddable":true,"href":"https:\/\/www.dermigon.ec\/index.php?rest_route=%2Fwp%2Fv2%2Fcomments&post=39"}],"version-history":[{"count":28,"href":"https:\/\/www.dermigon.ec\/index.php?rest_route=\/wp\/v2\/pages\/39\/revisions"}],"predecessor-version":[{"id":286,"href":"https:\/\/www.dermigon.ec\/index.php?rest_route=\/wp\/v2\/pages\/39\/revisions\/286"}],"wp:attachment":[{"href":"https:\/\/www.dermigon.ec\/index.php?rest_route=%2Fwp%2Fv2%2Fmedia&parent=39"}],"curies":[{"name":"wp","href":"https:\/\/api.w.org\/{rel}","templated":true}]}}